{"id":344,"date":"2020-12-22T17:45:40","date_gmt":"2020-12-22T17:45:40","guid":{"rendered":"http:\/\/whiteportcapital.com\/valores\/"},"modified":"2021-03-02T10:19:21","modified_gmt":"2021-03-02T10:19:21","slug":"valori-e-principi","status":"publish","type":"page","link":"https:\/\/whiteportcapital.com\/it\/valori-e-principi\/","title":{"rendered":"Valori e Principi"},"content":{"rendered":"<p>Il vantaggio dell\u2019essere Indipendenti: Siamo una societ\u00e0 indipendente sia a livello finanziario che gestionale. Le nostre attivit\u00e0 non sono quindi sottoposte ai vincoli di una grande societ\u00e0 o di una societ\u00e0 quotata. Tutto cio\u2019 permette di offrire ai nostri clienti soluzioni personalizzate che meglio si adattano a strategie di lungo termine, senza far fronte ad alcun conflitto di interessi.<\/p>\n<p>Impegno, Eccelenza ed Integrit\u00e0: Ci battiamo per l\u2019eccellenza e l\u2019integrit\u00e0 in tutto quello che facciamo. I nostri clienti comunicano con il nostro senior team durante l\u2019intero processo, assicurandosi un\u2019esecuzione professionale e oggettiva.<\/p>\n<p>Dinamici e Creativi: Come societ\u00e0 indipendente, siamo in grado di fornire risposte e di mettere a disposizione le nostre risorse in tempi rapidi. Siamo capaci di sviluppare o adattarci a nuove idee, lontani da ogni forma di burocrazia e da linee guida prestabilite.<\/p>\n<p>Il nostro Obiettivo: Sviluppare relazioni di lungo termine con i nostri clienti. Siamo interessati a sviluppare relazioni fondate sulla seriet\u00e0 e sulla fiducia reciproca per fornire servizi di consulenza ricorrenti e a lungo termine.<\/p>\n","protected":false},"excerpt":{"rendered":"<p>Costruire relazioni durature<br \/>con i nostri clienti<\/p>\n","protected":false},"author":1,"featured_media":630,"parent":0,"menu_order":0,"comment_status":"closed","ping_status":"closed","template":"page-templates\/aboutus_page.php","meta":{"_et_pb_use_builder":"","_et_pb_old_content":"","_et_gb_content_width":"","footnotes":""},"class_list":["post-344","page","type-page","status-publish","has-post-thumbnail","hentry"],"yoast_head":"<!-- This site is optimized with the Yoast SEO plugin v19.10 - https:\/\/yoast.com\/wordpress\/plugins\/seo\/ -->\n<title>Firma independiente de M&amp;A basada en el compromiso, excelencia e integridad.<\/title>\n<meta name=\"description\" content=\"Siamo una societ\u00e0 indipendente sia a livello finanziario che gestionale. Il nostro Obiettivo e sviluppare relazioni di lungo termine con i nostri clienti.\" \/>\n<meta name=\"robots\" content=\"index, follow, max-snippet:-1, max-image-preview:large, max-video-preview:-1\" \/>\n<link rel=\"canonical\" href=\"https:\/\/whiteportcapital.com\/it\/valori-e-principi\/\" \/>\n<meta property=\"og:locale\" content=\"it_IT\" \/>\n<meta property=\"og:type\" content=\"article\" \/>\n<meta property=\"og:title\" content=\"Firma independiente de M&amp;A basada en el compromiso, excelencia e integridad.\" \/>\n<meta property=\"og:description\" content=\"Siamo una societ\u00e0 indipendente sia a livello finanziario che gestionale. Il nostro Obiettivo e sviluppare relazioni di lungo termine con i nostri clienti.\" \/>\n<meta property=\"og:url\" content=\"https:\/\/whiteportcapital.com\/it\/valori-e-principi\/\" \/>\n<meta property=\"og:site_name\" content=\"White Port\" \/>\n<meta property=\"article:modified_time\" content=\"2021-03-02T10:19:21+00:00\" \/>\n<meta property=\"og:image\" content=\"https:\/\/whiteportcapital.com\/wp-content\/uploads\/2021\/02\/valores.jpg\" \/>\n\t<meta property=\"og:image:width\" content=\"2500\" \/>\n\t<meta property=\"og:image:height\" content=\"711\" \/>\n\t<meta property=\"og:image:type\" content=\"image\/jpeg\" \/>\n<meta name=\"twitter:card\" content=\"summary_large_image\" \/>\n<meta name=\"twitter:label1\" content=\"Tempo di lettura stimato\" \/>\n\t<meta name=\"twitter:data1\" content=\"1 minuto\" \/>\n<script type=\"application\/ld+json\" class=\"yoast-schema-graph\">{\"@context\":\"https:\/\/schema.org\",\"@graph\":[{\"@type\":\"WebPage\",\"@id\":\"https:\/\/whiteportcapital.com\/it\/valori-e-principi\/\",\"url\":\"https:\/\/whiteportcapital.com\/it\/valori-e-principi\/\",\"name\":\"Firma independiente de M&A basada en el compromiso, excelencia e integridad.\",\"isPartOf\":{\"@id\":\"https:\/\/whiteportcapital.com\/#website\"},\"datePublished\":\"2020-12-22T17:45:40+00:00\",\"dateModified\":\"2021-03-02T10:19:21+00:00\",\"description\":\"Siamo una societ\u00e0 indipendente sia a livello finanziario che gestionale. Il nostro Obiettivo e sviluppare relazioni di lungo termine con i nostri clienti.\",\"breadcrumb\":{\"@id\":\"https:\/\/whiteportcapital.com\/it\/valori-e-principi\/#breadcrumb\"},\"inLanguage\":\"it-IT\",\"potentialAction\":[{\"@type\":\"ReadAction\",\"target\":[\"https:\/\/whiteportcapital.com\/it\/valori-e-principi\/\"]}]},{\"@type\":\"BreadcrumbList\",\"@id\":\"https:\/\/whiteportcapital.com\/it\/valori-e-principi\/#breadcrumb\",\"itemListElement\":[{\"@type\":\"ListItem\",\"position\":1,\"name\":\"Portada\",\"item\":\"https:\/\/whiteportcapital.com\/it\/\"},{\"@type\":\"ListItem\",\"position\":2,\"name\":\"Valori e Principi\"}]},{\"@type\":\"WebSite\",\"@id\":\"https:\/\/whiteportcapital.com\/#website\",\"url\":\"https:\/\/whiteportcapital.com\/\",\"name\":\"White Port\",\"description\":\"\",\"potentialAction\":[{\"@type\":\"SearchAction\",\"target\":{\"@type\":\"EntryPoint\",\"urlTemplate\":\"https:\/\/whiteportcapital.com\/?s={search_term_string}\"},\"query-input\":\"required name=search_term_string\"}],\"inLanguage\":\"it-IT\"}]}<\/script>\n<!-- \/ Yoast SEO plugin. -->","yoast_head_json":{"title":"Firma independiente de M&A basada en el compromiso, excelencia e integridad.","description":"Siamo una societ\u00e0 indipendente sia a livello finanziario che gestionale. Il nostro Obiettivo e sviluppare relazioni di lungo termine con i nostri clienti.","robots":{"index":"index","follow":"follow","max-snippet":"max-snippet:-1","max-image-preview":"max-image-preview:large","max-video-preview":"max-video-preview:-1"},"canonical":"https:\/\/whiteportcapital.com\/it\/valori-e-principi\/","og_locale":"it_IT","og_type":"article","og_title":"Firma independiente de M&A basada en el compromiso, excelencia e integridad.","og_description":"Siamo una societ\u00e0 indipendente sia a livello finanziario che gestionale. Il nostro Obiettivo e sviluppare relazioni di lungo termine con i nostri clienti.","og_url":"https:\/\/whiteportcapital.com\/it\/valori-e-principi\/","og_site_name":"White Port","article_modified_time":"2021-03-02T10:19:21+00:00","og_image":[{"width":2500,"height":711,"url":"https:\/\/whiteportcapital.com\/wp-content\/uploads\/2021\/02\/valores.jpg","type":"image\/jpeg"}],"twitter_card":"summary_large_image","twitter_misc":{"Tempo di lettura stimato":"1 minuto"},"schema":{"@context":"https:\/\/schema.org","@graph":[{"@type":"WebPage","@id":"https:\/\/whiteportcapital.com\/it\/valori-e-principi\/","url":"https:\/\/whiteportcapital.com\/it\/valori-e-principi\/","name":"Firma independiente de M&A basada en el compromiso, excelencia e integridad.","isPartOf":{"@id":"https:\/\/whiteportcapital.com\/#website"},"datePublished":"2020-12-22T17:45:40+00:00","dateModified":"2021-03-02T10:19:21+00:00","description":"Siamo una societ\u00e0 indipendente sia a livello finanziario che gestionale. Il nostro Obiettivo e sviluppare relazioni di lungo termine con i nostri clienti.","breadcrumb":{"@id":"https:\/\/whiteportcapital.com\/it\/valori-e-principi\/#breadcrumb"},"inLanguage":"it-IT","potentialAction":[{"@type":"ReadAction","target":["https:\/\/whiteportcapital.com\/it\/valori-e-principi\/"]}]},{"@type":"BreadcrumbList","@id":"https:\/\/whiteportcapital.com\/it\/valori-e-principi\/#breadcrumb","itemListElement":[{"@type":"ListItem","position":1,"name":"Portada","item":"https:\/\/whiteportcapital.com\/it\/"},{"@type":"ListItem","position":2,"name":"Valori e Principi"}]},{"@type":"WebSite","@id":"https:\/\/whiteportcapital.com\/#website","url":"https:\/\/whiteportcapital.com\/","name":"White Port","description":"","potentialAction":[{"@type":"SearchAction","target":{"@type":"EntryPoint","urlTemplate":"https:\/\/whiteportcapital.com\/?s={search_term_string}"},"query-input":"required name=search_term_string"}],"inLanguage":"it-IT"}]}},"_links":{"self":[{"href":"https:\/\/whiteportcapital.com\/it\/wp-json\/wp\/v2\/pages\/344","targetHints":{"allow":["GET"]}}],"collection":[{"href":"https:\/\/whiteportcapital.com\/it\/wp-json\/wp\/v2\/pages"}],"about":[{"href":"https:\/\/whiteportcapital.com\/it\/wp-json\/wp\/v2\/types\/page"}],"author":[{"embeddable":true,"href":"https:\/\/whiteportcapital.com\/it\/wp-json\/wp\/v2\/users\/1"}],"replies":[{"embeddable":true,"href":"https:\/\/whiteportcapital.com\/it\/wp-json\/wp\/v2\/comments?post=344"}],"version-history":[{"count":1,"href":"https:\/\/whiteportcapital.com\/it\/wp-json\/wp\/v2\/pages\/344\/revisions"}],"predecessor-version":[{"id":348,"href":"https:\/\/whiteportcapital.com\/it\/wp-json\/wp\/v2\/pages\/344\/revisions\/348"}],"wp:featuredmedia":[{"embeddable":true,"href":"https:\/\/whiteportcapital.com\/it\/wp-json\/wp\/v2\/media\/630"}],"wp:attachment":[{"href":"https:\/\/whiteportcapital.com\/it\/wp-json\/wp\/v2\/media?parent=344"}],"curies":[{"name":"wp","href":"https:\/\/api.w.org\/{rel}","templated":true}]}}