{"id":335,"date":"2020-12-22T17:46:01","date_gmt":"2020-12-22T17:46:01","guid":{"rendered":"http:\/\/whiteportcapital.com\/perfil\/"},"modified":"2021-03-02T10:11:19","modified_gmt":"2021-03-02T10:11:19","slug":"firmenprofil","status":"publish","type":"page","link":"https:\/\/whiteportcapital.com\/de\/firmenprofil\/","title":{"rendered":"Firmenprofil"},"content":{"rendered":"<p>Whiteport ist ein unabh\u00e4ngiges Investment Banking Unternehmen spezialisiert auf die Beratung von cross-border M&amp;A Transaktionen und Corporate Finance Projekten. Wir bieten unseren Kunden hochqualifizierte, bankenunabh\u00e4ngige Beratung zur Durchf\u00fchrung von Fusionen, \u00dcbernahmen und Ver\u00e4u\u00dferungen sowie zur Beschaffung von Eigen- und Fremdkapital.<\/p>\n<p>Unsere Firma konzentriert sich auf mittelgro\u00dfe, internationale Transaktionen, sowohl f\u00fcr europ\u00e4ische und nordamerikanische Unternehmen. Wir betreuen Verkaufsmandate von mittelst\u00e4ndischen europ\u00e4ischen Unternehmen sowie international t\u00e4tige Konzerne bei Akquisitionen in Europa und den USA. Unser Partner haben mehr als 50 Transaktionen abgeschlossen, die Mehrheit davon cross-border.<\/p>\n<p>Unser internationaler Kundenkreis wird von einem mehrsprachigen, internationalen ausgerichtetetem Team von kompetenten Beratern, die langj\u00e4hrige Erfahrung von weltweit f\u00fchrenden und globalen Investmentbanken und Unternehmen mit sich bringen, betreut.<\/p>\n<p>Vertrauensvolle Zusammenarbeit und langfristige Kundenbeziehungen ist uns wichtig. Dank unserer hochqualifizierten M&amp;A Beratung und unserer Integrit\u00e4t betreuen wir kontinuirlich einige der anspruchsvollsten Konzerne, sowohl B\u00f6rsennotierte- wie auch Privatunternehmen.<\/p>\n","protected":false},"excerpt":{"rendered":"<p>Unser Ziel, der Erfolg der Corporate Development Strategie unserer Mandanten <\/p>\n","protected":false},"author":1,"featured_media":617,"parent":0,"menu_order":0,"comment_status":"closed","ping_status":"closed","template":"page-templates\/aboutus_page.php","meta":{"_et_pb_use_builder":"","_et_pb_old_content":"","_et_gb_content_width":"","footnotes":""},"class_list":["post-335","page","type-page","status-publish","has-post-thumbnail","hentry"],"yoast_head":"<!-- This site is optimized with the Yoast SEO plugin v19.10 - https:\/\/yoast.com\/wordpress\/plugins\/seo\/ -->\n<title>Investment Banking Unternehmen f\u00fcr cross-border M&amp;A<\/title>\n<meta name=\"description\" content=\"Strategische &amp; finanzielle Beratung in M&amp;A Transaktionen. Internationale Durchf\u00fchrung von Akquisitionen und Unternehmensverk\u00e4ufe f\u00fcr den B\u00f6rsennotierte- wie auch Familienunternehmen.\" \/>\n<meta name=\"robots\" content=\"index, follow, max-snippet:-1, max-image-preview:large, max-video-preview:-1\" \/>\n<link rel=\"canonical\" href=\"https:\/\/whiteportcapital.com\/de\/firmenprofil\/\" \/>\n<meta property=\"og:locale\" content=\"de_DE\" \/>\n<meta property=\"og:type\" content=\"article\" \/>\n<meta property=\"og:title\" content=\"Investment Banking Unternehmen f\u00fcr cross-border M&amp;A\" \/>\n<meta property=\"og:description\" content=\"Strategische &amp; finanzielle Beratung in M&amp;A Transaktionen. Internationale Durchf\u00fchrung von Akquisitionen und Unternehmensverk\u00e4ufe f\u00fcr den B\u00f6rsennotierte- wie auch Familienunternehmen.\" \/>\n<meta property=\"og:url\" content=\"https:\/\/whiteportcapital.com\/de\/firmenprofil\/\" \/>\n<meta property=\"og:site_name\" content=\"White Port\" \/>\n<meta property=\"article:modified_time\" content=\"2021-03-02T10:11:19+00:00\" \/>\n<meta property=\"og:image\" content=\"https:\/\/whiteportcapital.com\/wp-content\/uploads\/2021\/02\/perfil.jpg\" \/>\n\t<meta property=\"og:image:width\" content=\"2500\" \/>\n\t<meta property=\"og:image:height\" content=\"711\" \/>\n\t<meta property=\"og:image:type\" content=\"image\/jpeg\" \/>\n<meta name=\"twitter:card\" content=\"summary_large_image\" \/>\n<meta name=\"twitter:label1\" content=\"Gesch\u00e4tzte Lesezeit\" \/>\n\t<meta name=\"twitter:data1\" content=\"1\u00a0Minute\" \/>\n<script type=\"application\/ld+json\" class=\"yoast-schema-graph\">{\"@context\":\"https:\/\/schema.org\",\"@graph\":[{\"@type\":\"WebPage\",\"@id\":\"https:\/\/whiteportcapital.com\/de\/firmenprofil\/\",\"url\":\"https:\/\/whiteportcapital.com\/de\/firmenprofil\/\",\"name\":\"Investment Banking Unternehmen f\u00fcr cross-border M&A\",\"isPartOf\":{\"@id\":\"https:\/\/whiteportcapital.com\/#website\"},\"datePublished\":\"2020-12-22T17:46:01+00:00\",\"dateModified\":\"2021-03-02T10:11:19+00:00\",\"description\":\"Strategische & finanzielle Beratung in M&A Transaktionen. Internationale Durchf\u00fchrung von Akquisitionen und Unternehmensverk\u00e4ufe f\u00fcr den B\u00f6rsennotierte- wie auch Familienunternehmen.\",\"breadcrumb\":{\"@id\":\"https:\/\/whiteportcapital.com\/de\/firmenprofil\/#breadcrumb\"},\"inLanguage\":\"de\",\"potentialAction\":[{\"@type\":\"ReadAction\",\"target\":[\"https:\/\/whiteportcapital.com\/de\/firmenprofil\/\"]}]},{\"@type\":\"BreadcrumbList\",\"@id\":\"https:\/\/whiteportcapital.com\/de\/firmenprofil\/#breadcrumb\",\"itemListElement\":[{\"@type\":\"ListItem\",\"position\":1,\"name\":\"Portada\",\"item\":\"https:\/\/whiteportcapital.com\/de\/\"},{\"@type\":\"ListItem\",\"position\":2,\"name\":\"Firmenprofil\"}]},{\"@type\":\"WebSite\",\"@id\":\"https:\/\/whiteportcapital.com\/#website\",\"url\":\"https:\/\/whiteportcapital.com\/\",\"name\":\"White Port\",\"description\":\"\",\"potentialAction\":[{\"@type\":\"SearchAction\",\"target\":{\"@type\":\"EntryPoint\",\"urlTemplate\":\"https:\/\/whiteportcapital.com\/?s={search_term_string}\"},\"query-input\":\"required name=search_term_string\"}],\"inLanguage\":\"de\"}]}<\/script>\n<!-- \/ Yoast SEO plugin. -->","yoast_head_json":{"title":"Investment Banking Unternehmen f\u00fcr cross-border M&A","description":"Strategische & finanzielle Beratung in M&A Transaktionen. Internationale Durchf\u00fchrung von Akquisitionen und Unternehmensverk\u00e4ufe f\u00fcr den B\u00f6rsennotierte- wie auch Familienunternehmen.","robots":{"index":"index","follow":"follow","max-snippet":"max-snippet:-1","max-image-preview":"max-image-preview:large","max-video-preview":"max-video-preview:-1"},"canonical":"https:\/\/whiteportcapital.com\/de\/firmenprofil\/","og_locale":"de_DE","og_type":"article","og_title":"Investment Banking Unternehmen f\u00fcr cross-border M&A","og_description":"Strategische & finanzielle Beratung in M&A Transaktionen. Internationale Durchf\u00fchrung von Akquisitionen und Unternehmensverk\u00e4ufe f\u00fcr den B\u00f6rsennotierte- wie auch Familienunternehmen.","og_url":"https:\/\/whiteportcapital.com\/de\/firmenprofil\/","og_site_name":"White Port","article_modified_time":"2021-03-02T10:11:19+00:00","og_image":[{"width":2500,"height":711,"url":"https:\/\/whiteportcapital.com\/wp-content\/uploads\/2021\/02\/perfil.jpg","type":"image\/jpeg"}],"twitter_card":"summary_large_image","twitter_misc":{"Gesch\u00e4tzte Lesezeit":"1\u00a0Minute"},"schema":{"@context":"https:\/\/schema.org","@graph":[{"@type":"WebPage","@id":"https:\/\/whiteportcapital.com\/de\/firmenprofil\/","url":"https:\/\/whiteportcapital.com\/de\/firmenprofil\/","name":"Investment Banking Unternehmen f\u00fcr cross-border M&A","isPartOf":{"@id":"https:\/\/whiteportcapital.com\/#website"},"datePublished":"2020-12-22T17:46:01+00:00","dateModified":"2021-03-02T10:11:19+00:00","description":"Strategische & finanzielle Beratung in M&A Transaktionen. Internationale Durchf\u00fchrung von Akquisitionen und Unternehmensverk\u00e4ufe f\u00fcr den B\u00f6rsennotierte- wie auch Familienunternehmen.","breadcrumb":{"@id":"https:\/\/whiteportcapital.com\/de\/firmenprofil\/#breadcrumb"},"inLanguage":"de","potentialAction":[{"@type":"ReadAction","target":["https:\/\/whiteportcapital.com\/de\/firmenprofil\/"]}]},{"@type":"BreadcrumbList","@id":"https:\/\/whiteportcapital.com\/de\/firmenprofil\/#breadcrumb","itemListElement":[{"@type":"ListItem","position":1,"name":"Portada","item":"https:\/\/whiteportcapital.com\/de\/"},{"@type":"ListItem","position":2,"name":"Firmenprofil"}]},{"@type":"WebSite","@id":"https:\/\/whiteportcapital.com\/#website","url":"https:\/\/whiteportcapital.com\/","name":"White Port","description":"","potentialAction":[{"@type":"SearchAction","target":{"@type":"EntryPoint","urlTemplate":"https:\/\/whiteportcapital.com\/?s={search_term_string}"},"query-input":"required name=search_term_string"}],"inLanguage":"de"}]}},"_links":{"self":[{"href":"https:\/\/whiteportcapital.com\/de\/wp-json\/wp\/v2\/pages\/335","targetHints":{"allow":["GET"]}}],"collection":[{"href":"https:\/\/whiteportcapital.com\/de\/wp-json\/wp\/v2\/pages"}],"about":[{"href":"https:\/\/whiteportcapital.com\/de\/wp-json\/wp\/v2\/types\/page"}],"author":[{"embeddable":true,"href":"https:\/\/whiteportcapital.com\/de\/wp-json\/wp\/v2\/users\/1"}],"replies":[{"embeddable":true,"href":"https:\/\/whiteportcapital.com\/de\/wp-json\/wp\/v2\/comments?post=335"}],"version-history":[{"count":2,"href":"https:\/\/whiteportcapital.com\/de\/wp-json\/wp\/v2\/pages\/335\/revisions"}],"predecessor-version":[{"id":690,"href":"https:\/\/whiteportcapital.com\/de\/wp-json\/wp\/v2\/pages\/335\/revisions\/690"}],"wp:featuredmedia":[{"embeddable":true,"href":"https:\/\/whiteportcapital.com\/de\/wp-json\/wp\/v2\/media\/617"}],"wp:attachment":[{"href":"https:\/\/whiteportcapital.com\/de\/wp-json\/wp\/v2\/media?parent=335"}],"curies":[{"name":"wp","href":"https:\/\/api.w.org\/{rel}","templated":true}]}}