{"id":297,"date":"2020-12-22T17:35:13","date_gmt":"2020-12-22T17:35:13","guid":{"rendered":"http:\/\/whiteportcapital.com\/sectores-industriales\/"},"modified":"2021-03-02T10:33:32","modified_gmt":"2021-03-02T10:33:32","slug":"industriekenntnis","status":"publish","type":"page","link":"https:\/\/whiteportcapital.com\/de\/industriekenntnis\/","title":{"rendered":"Industriekenntnis"},"content":{"rendered":"<p>Unsere Berater haben eine breit gef\u00e4cherte Industriekenntnis und haben betr\u00e4chtliche Transaktionserfahrung in verschiedenen Industrien. Spezielles Knowhow besitzen wir jedoch in folgenden Marktsektoren:<\/p>\n","protected":false},"excerpt":{"rendered":"<p>Generierung, Strukturierung und Durchf\u00fchrung von massgeschneiderten Transaktionen f\u00fcr unseren Mandanten<\/p>\n","protected":false},"author":1,"featured_media":261,"parent":0,"menu_order":0,"comment_status":"closed","ping_status":"closed","template":"page-templates\/industrials_page.php","meta":{"_et_pb_use_builder":"","_et_pb_old_content":"","_et_gb_content_width":"","footnotes":""},"class_list":["post-297","page","type-page","status-publish","has-post-thumbnail","hentry"],"yoast_head":"<!-- This site is optimized with the Yoast SEO plugin v19.10 - https:\/\/yoast.com\/wordpress\/plugins\/seo\/ -->\n<title>M&amp;A Expertise in Software, Food und Packaging<\/title>\n<meta name=\"description\" content=\"Industriekenntnis &amp; Transaktionserfahrung in Software M&amp;A, Food M&amp;A und Packaging M&amp;A. Unser Netzwerk mit Entscheidungstr\u00e4gern erm\u00f6glicht kreative, wertsteigernde M&amp;A M\u00f6glichkeiten.\" \/>\n<meta name=\"robots\" content=\"index, follow, max-snippet:-1, max-image-preview:large, max-video-preview:-1\" \/>\n<link rel=\"canonical\" href=\"https:\/\/whiteportcapital.com\/de\/industriekenntnis\/\" \/>\n<meta property=\"og:locale\" content=\"de_DE\" \/>\n<meta property=\"og:type\" content=\"article\" \/>\n<meta property=\"og:title\" content=\"M&amp;A Expertise in Software, Food und Packaging\" \/>\n<meta property=\"og:description\" content=\"Industriekenntnis &amp; Transaktionserfahrung in Software M&amp;A, Food M&amp;A und Packaging M&amp;A. Unser Netzwerk mit Entscheidungstr\u00e4gern erm\u00f6glicht kreative, wertsteigernde M&amp;A M\u00f6glichkeiten.\" \/>\n<meta property=\"og:url\" content=\"https:\/\/whiteportcapital.com\/de\/industriekenntnis\/\" \/>\n<meta property=\"og:site_name\" content=\"White Port\" \/>\n<meta property=\"article:modified_time\" content=\"2021-03-02T10:33:32+00:00\" \/>\n<meta property=\"og:image\" content=\"https:\/\/whiteportcapital.com\/wp-content\/uploads\/2021\/01\/foto12-50.jpg\" \/>\n\t<meta property=\"og:image:width\" content=\"1367\" \/>\n\t<meta property=\"og:image:height\" content=\"389\" \/>\n\t<meta property=\"og:image:type\" content=\"image\/jpeg\" \/>\n<meta name=\"twitter:card\" content=\"summary_large_image\" \/>\n<script type=\"application\/ld+json\" class=\"yoast-schema-graph\">{\"@context\":\"https:\/\/schema.org\",\"@graph\":[{\"@type\":\"WebPage\",\"@id\":\"https:\/\/whiteportcapital.com\/de\/industriekenntnis\/\",\"url\":\"https:\/\/whiteportcapital.com\/de\/industriekenntnis\/\",\"name\":\"M&A Expertise in Software, Food und Packaging\",\"isPartOf\":{\"@id\":\"https:\/\/whiteportcapital.com\/#website\"},\"datePublished\":\"2020-12-22T17:35:13+00:00\",\"dateModified\":\"2021-03-02T10:33:32+00:00\",\"description\":\"Industriekenntnis & Transaktionserfahrung in Software M&A, Food M&A und Packaging M&A. Unser Netzwerk mit Entscheidungstr\u00e4gern erm\u00f6glicht kreative, wertsteigernde M&A M\u00f6glichkeiten.\",\"breadcrumb\":{\"@id\":\"https:\/\/whiteportcapital.com\/de\/industriekenntnis\/#breadcrumb\"},\"inLanguage\":\"de\",\"potentialAction\":[{\"@type\":\"ReadAction\",\"target\":[\"https:\/\/whiteportcapital.com\/de\/industriekenntnis\/\"]}]},{\"@type\":\"BreadcrumbList\",\"@id\":\"https:\/\/whiteportcapital.com\/de\/industriekenntnis\/#breadcrumb\",\"itemListElement\":[{\"@type\":\"ListItem\",\"position\":1,\"name\":\"Portada\",\"item\":\"https:\/\/whiteportcapital.com\/de\/\"},{\"@type\":\"ListItem\",\"position\":2,\"name\":\"Industriekenntnis\"}]},{\"@type\":\"WebSite\",\"@id\":\"https:\/\/whiteportcapital.com\/#website\",\"url\":\"https:\/\/whiteportcapital.com\/\",\"name\":\"White Port\",\"description\":\"\",\"potentialAction\":[{\"@type\":\"SearchAction\",\"target\":{\"@type\":\"EntryPoint\",\"urlTemplate\":\"https:\/\/whiteportcapital.com\/?s={search_term_string}\"},\"query-input\":\"required name=search_term_string\"}],\"inLanguage\":\"de\"}]}<\/script>\n<!-- \/ Yoast SEO plugin. -->","yoast_head_json":{"title":"M&A Expertise in Software, Food und Packaging","description":"Industriekenntnis & Transaktionserfahrung in Software M&A, Food M&A und Packaging M&A. Unser Netzwerk mit Entscheidungstr\u00e4gern erm\u00f6glicht kreative, wertsteigernde M&A M\u00f6glichkeiten.","robots":{"index":"index","follow":"follow","max-snippet":"max-snippet:-1","max-image-preview":"max-image-preview:large","max-video-preview":"max-video-preview:-1"},"canonical":"https:\/\/whiteportcapital.com\/de\/industriekenntnis\/","og_locale":"de_DE","og_type":"article","og_title":"M&A Expertise in Software, Food und Packaging","og_description":"Industriekenntnis & Transaktionserfahrung in Software M&A, Food M&A und Packaging M&A. Unser Netzwerk mit Entscheidungstr\u00e4gern erm\u00f6glicht kreative, wertsteigernde M&A M\u00f6glichkeiten.","og_url":"https:\/\/whiteportcapital.com\/de\/industriekenntnis\/","og_site_name":"White Port","article_modified_time":"2021-03-02T10:33:32+00:00","og_image":[{"width":1367,"height":389,"url":"https:\/\/whiteportcapital.com\/wp-content\/uploads\/2021\/01\/foto12-50.jpg","type":"image\/jpeg"}],"twitter_card":"summary_large_image","schema":{"@context":"https:\/\/schema.org","@graph":[{"@type":"WebPage","@id":"https:\/\/whiteportcapital.com\/de\/industriekenntnis\/","url":"https:\/\/whiteportcapital.com\/de\/industriekenntnis\/","name":"M&A Expertise in Software, Food und Packaging","isPartOf":{"@id":"https:\/\/whiteportcapital.com\/#website"},"datePublished":"2020-12-22T17:35:13+00:00","dateModified":"2021-03-02T10:33:32+00:00","description":"Industriekenntnis & Transaktionserfahrung in Software M&A, Food M&A und Packaging M&A. Unser Netzwerk mit Entscheidungstr\u00e4gern erm\u00f6glicht kreative, wertsteigernde M&A M\u00f6glichkeiten.","breadcrumb":{"@id":"https:\/\/whiteportcapital.com\/de\/industriekenntnis\/#breadcrumb"},"inLanguage":"de","potentialAction":[{"@type":"ReadAction","target":["https:\/\/whiteportcapital.com\/de\/industriekenntnis\/"]}]},{"@type":"BreadcrumbList","@id":"https:\/\/whiteportcapital.com\/de\/industriekenntnis\/#breadcrumb","itemListElement":[{"@type":"ListItem","position":1,"name":"Portada","item":"https:\/\/whiteportcapital.com\/de\/"},{"@type":"ListItem","position":2,"name":"Industriekenntnis"}]},{"@type":"WebSite","@id":"https:\/\/whiteportcapital.com\/#website","url":"https:\/\/whiteportcapital.com\/","name":"White Port","description":"","potentialAction":[{"@type":"SearchAction","target":{"@type":"EntryPoint","urlTemplate":"https:\/\/whiteportcapital.com\/?s={search_term_string}"},"query-input":"required name=search_term_string"}],"inLanguage":"de"}]}},"_links":{"self":[{"href":"https:\/\/whiteportcapital.com\/de\/wp-json\/wp\/v2\/pages\/297","targetHints":{"allow":["GET"]}}],"collection":[{"href":"https:\/\/whiteportcapital.com\/de\/wp-json\/wp\/v2\/pages"}],"about":[{"href":"https:\/\/whiteportcapital.com\/de\/wp-json\/wp\/v2\/types\/page"}],"author":[{"embeddable":true,"href":"https:\/\/whiteportcapital.com\/de\/wp-json\/wp\/v2\/users\/1"}],"replies":[{"embeddable":true,"href":"https:\/\/whiteportcapital.com\/de\/wp-json\/wp\/v2\/comments?post=297"}],"version-history":[{"count":1,"href":"https:\/\/whiteportcapital.com\/de\/wp-json\/wp\/v2\/pages\/297\/revisions"}],"predecessor-version":[{"id":330,"href":"https:\/\/whiteportcapital.com\/de\/wp-json\/wp\/v2\/pages\/297\/revisions\/330"}],"wp:featuredmedia":[{"embeddable":true,"href":"https:\/\/whiteportcapital.com\/de\/wp-json\/wp\/v2\/media\/261"}],"wp:attachment":[{"href":"https:\/\/whiteportcapital.com\/de\/wp-json\/wp\/v2\/media?parent=297"}],"curies":[{"name":"wp","href":"https:\/\/api.w.org\/{rel}","templated":true}]}}